{"id":36890,"date":"2026-04-01T10:23:10","date_gmt":"2026-04-01T07:23:10","guid":{"rendered":"https:\/\/vetline.lv\/?post_type=product&#038;p=36890"},"modified":"2026-04-01T10:25:08","modified_gmt":"2026-04-01T07:25:08","slug":"pagarinatajs-ar-sledzi-5-izejas-3m","status":"publish","type":"product","link":"https:\/\/vetline.lv\/en\/product\/pagarinatajs-ar-sledzi-5-izejas-3m\/","title":{"rendered":"PAGARIN\u0100T\u0100JS AR SL\u0112DZI 5 IZEJAS 3M"},"content":{"rendered":"","protected":false},"excerpt":{"rendered":"","protected":false},"featured_media":20884,"template":"","meta":{"_acf_changed":false},"product_brand":[],"product_cat":[2035,128,3299,21,2561],"product_tag":[],"class_list":{"0":"post-36890","1":"product","2":"type-product","3":"status-publish","4":"has-post-thumbnail","6":"product_cat-jaunums-pa-grupam","7":"product_cat-sadzivei-un-labsajutai-lv","8":"product_cat-citas-preces-majai","9":"product_cat-pec-razotaja","10":"product_cat-nobleza","12":"first","13":"instock","14":"taxable","15":"shipping-taxable","16":"purchasable","17":"product-type-simple"},"acf":[],"_links":{"self":[{"href":"https:\/\/vetline.lv\/en\/wp-json\/wp\/v2\/product\/36890","targetHints":{"allow":["GET"]}}],"collection":[{"href":"https:\/\/vetline.lv\/en\/wp-json\/wp\/v2\/product"}],"about":[{"href":"https:\/\/vetline.lv\/en\/wp-json\/wp\/v2\/types\/product"}],"version-history":[{"count":2,"href":"https:\/\/vetline.lv\/en\/wp-json\/wp\/v2\/product\/36890\/revisions"}],"predecessor-version":[{"id":36892,"href":"https:\/\/vetline.lv\/en\/wp-json\/wp\/v2\/product\/36890\/revisions\/36892"}],"wp:featuredmedia":[{"embeddable":true,"href":"https:\/\/vetline.lv\/en\/wp-json\/wp\/v2\/media\/20884"}],"wp:attachment":[{"href":"https:\/\/vetline.lv\/en\/wp-json\/wp\/v2\/media?parent=36890"}],"wp:term":[{"taxonomy":"product_brand","embeddable":true,"href":"https:\/\/vetline.lv\/en\/wp-json\/wp\/v2\/product_brand?post=36890"},{"taxonomy":"product_cat","embeddable":true,"href":"https:\/\/vetline.lv\/en\/wp-json\/wp\/v2\/product_cat?post=36890"},{"taxonomy":"product_tag","embeddable":true,"href":"https:\/\/vetline.lv\/en\/wp-json\/wp\/v2\/product_tag?post=36890"}],"curies":[{"name":"wp","href":"https:\/\/api.w.org\/{rel}","templated":true}]}}