{"id":20948,"date":"2024-12-06T08:44:10","date_gmt":"2024-12-06T06:44:10","guid":{"rendered":"https:\/\/vetline.lv\/?post_type=product&#038;p=20948"},"modified":"2025-12-05T15:47:28","modified_gmt":"2025-12-05T13:47:28","slug":"egle-maksliga-ar-lampinam-90cm","status":"publish","type":"product","link":"https:\/\/vetline.lv\/en\/product\/egle-maksliga-ar-lampinam-90cm\/","title":{"rendered":"EGLE M\u0100KSL\u012aG\u0100 AR LAMPI\u0145\u0100M 60CM | 90CM"},"content":{"rendered":"","protected":false},"excerpt":{"rendered":"","protected":false},"featured_media":20949,"template":"","meta":{"_acf_changed":false},"product_brand":[],"product_cat":[128,3297,21,2561],"product_tag":[],"class_list":{"0":"post-20948","1":"product","2":"type-product","3":"status-publish","4":"has-post-thumbnail","6":"product_cat-sadzivei-un-labsajutai-lv","7":"product_cat-apgaismojums","8":"product_cat-pec-razotaja","9":"product_cat-nobleza","11":"first","12":"instock","13":"taxable","14":"shipping-taxable","15":"purchasable","16":"product-type-variable","17":"has-default-attributes"},"acf":[],"_links":{"self":[{"href":"https:\/\/vetline.lv\/en\/wp-json\/wp\/v2\/product\/20948","targetHints":{"allow":["GET"]}}],"collection":[{"href":"https:\/\/vetline.lv\/en\/wp-json\/wp\/v2\/product"}],"about":[{"href":"https:\/\/vetline.lv\/en\/wp-json\/wp\/v2\/types\/product"}],"version-history":[{"count":4,"href":"https:\/\/vetline.lv\/en\/wp-json\/wp\/v2\/product\/20948\/revisions"}],"predecessor-version":[{"id":35471,"href":"https:\/\/vetline.lv\/en\/wp-json\/wp\/v2\/product\/20948\/revisions\/35471"}],"wp:featuredmedia":[{"embeddable":true,"href":"https:\/\/vetline.lv\/en\/wp-json\/wp\/v2\/media\/20949"}],"wp:attachment":[{"href":"https:\/\/vetline.lv\/en\/wp-json\/wp\/v2\/media?parent=20948"}],"wp:term":[{"taxonomy":"product_brand","embeddable":true,"href":"https:\/\/vetline.lv\/en\/wp-json\/wp\/v2\/product_brand?post=20948"},{"taxonomy":"product_cat","embeddable":true,"href":"https:\/\/vetline.lv\/en\/wp-json\/wp\/v2\/product_cat?post=20948"},{"taxonomy":"product_tag","embeddable":true,"href":"https:\/\/vetline.lv\/en\/wp-json\/wp\/v2\/product_tag?post=20948"}],"curies":[{"name":"wp","href":"https:\/\/api.w.org\/{rel}","templated":true}]}}