{"id":20913,"date":"2024-12-04T16:22:19","date_gmt":"2024-12-04T14:22:19","guid":{"rendered":"https:\/\/vetline.lv\/?post_type=product&#038;p=20913"},"modified":"2025-09-05T08:27:29","modified_gmt":"2025-09-05T05:27:29","slug":"pagarinatajs-ar-sledzi-5m-4-izejas-2","status":"publish","type":"product","link":"https:\/\/vetline.lv\/en\/product\/pagarinatajs-ar-sledzi-5m-4-izejas-2\/","title":{"rendered":"PAGARIN\u0100T\u0100JS AR SL\u0112DZI"},"content":{"rendered":"","protected":false},"excerpt":{"rendered":"","protected":false},"featured_media":20898,"template":"","meta":{"_acf_changed":false},"product_brand":[],"product_cat":[128,3299,21,2561],"product_tag":[],"class_list":{"0":"post-20913","1":"product","2":"type-product","3":"status-publish","4":"has-post-thumbnail","6":"product_cat-sadzivei-un-labsajutai-lv","7":"product_cat-citas-preces-majai","8":"product_cat-pec-razotaja","9":"product_cat-nobleza","11":"first","12":"instock","13":"taxable","14":"shipping-taxable","15":"purchasable","16":"product-type-simple"},"acf":[],"_links":{"self":[{"href":"https:\/\/vetline.lv\/en\/wp-json\/wp\/v2\/product\/20913","targetHints":{"allow":["GET"]}}],"collection":[{"href":"https:\/\/vetline.lv\/en\/wp-json\/wp\/v2\/product"}],"about":[{"href":"https:\/\/vetline.lv\/en\/wp-json\/wp\/v2\/types\/product"}],"version-history":[{"count":2,"href":"https:\/\/vetline.lv\/en\/wp-json\/wp\/v2\/product\/20913\/revisions"}],"predecessor-version":[{"id":27053,"href":"https:\/\/vetline.lv\/en\/wp-json\/wp\/v2\/product\/20913\/revisions\/27053"}],"wp:featuredmedia":[{"embeddable":true,"href":"https:\/\/vetline.lv\/en\/wp-json\/wp\/v2\/media\/20898"}],"wp:attachment":[{"href":"https:\/\/vetline.lv\/en\/wp-json\/wp\/v2\/media?parent=20913"}],"wp:term":[{"taxonomy":"product_brand","embeddable":true,"href":"https:\/\/vetline.lv\/en\/wp-json\/wp\/v2\/product_brand?post=20913"},{"taxonomy":"product_cat","embeddable":true,"href":"https:\/\/vetline.lv\/en\/wp-json\/wp\/v2\/product_cat?post=20913"},{"taxonomy":"product_tag","embeddable":true,"href":"https:\/\/vetline.lv\/en\/wp-json\/wp\/v2\/product_tag?post=20913"}],"curies":[{"name":"wp","href":"https:\/\/api.w.org\/{rel}","templated":true}]}}