{"id":20902,"date":"2024-12-04T09:36:34","date_gmt":"2024-12-04T07:36:34","guid":{"rendered":"https:\/\/vetline.lv\/?post_type=product&#038;p=20902"},"modified":"2025-09-05T08:29:51","modified_gmt":"2025-09-05T05:29:51","slug":"pagarinatajs-ar-sledzi-3m-6-izejas-2","status":"publish","type":"product","link":"https:\/\/vetline.lv\/en\/product\/pagarinatajs-ar-sledzi-3m-6-izejas-2\/","title":{"rendered":"PAGARIN\u0100T\u0100JS AR SL\u0112DZI"},"content":{"rendered":"","protected":false},"excerpt":{"rendered":"","protected":false},"featured_media":18935,"template":"","meta":{"_acf_changed":false},"product_brand":[],"product_cat":[128,3299,21,2561],"product_tag":[],"class_list":{"0":"post-20902","1":"product","2":"type-product","3":"status-publish","4":"has-post-thumbnail","6":"product_cat-sadzivei-un-labsajutai-lv","7":"product_cat-citas-preces-majai","8":"product_cat-pec-razotaja","9":"product_cat-nobleza","11":"first","12":"instock","13":"taxable","14":"shipping-taxable","15":"purchasable","16":"product-type-simple"},"acf":[],"_links":{"self":[{"href":"https:\/\/vetline.lv\/en\/wp-json\/wp\/v2\/product\/20902","targetHints":{"allow":["GET"]}}],"collection":[{"href":"https:\/\/vetline.lv\/en\/wp-json\/wp\/v2\/product"}],"about":[{"href":"https:\/\/vetline.lv\/en\/wp-json\/wp\/v2\/types\/product"}],"version-history":[{"count":3,"href":"https:\/\/vetline.lv\/en\/wp-json\/wp\/v2\/product\/20902\/revisions"}],"predecessor-version":[{"id":27075,"href":"https:\/\/vetline.lv\/en\/wp-json\/wp\/v2\/product\/20902\/revisions\/27075"}],"wp:featuredmedia":[{"embeddable":true,"href":"https:\/\/vetline.lv\/en\/wp-json\/wp\/v2\/media\/18935"}],"wp:attachment":[{"href":"https:\/\/vetline.lv\/en\/wp-json\/wp\/v2\/media?parent=20902"}],"wp:term":[{"taxonomy":"product_brand","embeddable":true,"href":"https:\/\/vetline.lv\/en\/wp-json\/wp\/v2\/product_brand?post=20902"},{"taxonomy":"product_cat","embeddable":true,"href":"https:\/\/vetline.lv\/en\/wp-json\/wp\/v2\/product_cat?post=20902"},{"taxonomy":"product_tag","embeddable":true,"href":"https:\/\/vetline.lv\/en\/wp-json\/wp\/v2\/product_tag?post=20902"}],"curies":[{"name":"wp","href":"https:\/\/api.w.org\/{rel}","templated":true}]}}