{"id":20883,"date":"2024-12-03T15:31:21","date_gmt":"2024-12-03T13:31:21","guid":{"rendered":"https:\/\/vetline.lv\/?post_type=product&#038;p=20883"},"modified":"2026-04-01T10:22:46","modified_gmt":"2026-04-01T07:22:46","slug":"pagarinatajs-ar-sledzi-3m-5-izejas","status":"publish","type":"product","link":"https:\/\/vetline.lv\/en\/product\/pagarinatajs-ar-sledzi-3m-5-izejas\/","title":{"rendered":"PAGARIN\u0100T\u0100JS AR SL\u0112DZI 5 IZEJAS 3M"},"content":{"rendered":"","protected":false},"excerpt":{"rendered":"","protected":false},"featured_media":20884,"template":"","meta":{"_acf_changed":false},"product_brand":[],"product_cat":[128,3299,21,2561],"product_tag":[],"class_list":{"0":"post-20883","1":"product","2":"type-product","3":"status-publish","4":"has-post-thumbnail","6":"product_cat-sadzivei-un-labsajutai-lv","7":"product_cat-citas-preces-majai","8":"product_cat-pec-razotaja","9":"product_cat-nobleza","11":"first","12":"instock","13":"taxable","14":"shipping-taxable","15":"purchasable","16":"product-type-simple"},"acf":[],"_links":{"self":[{"href":"https:\/\/vetline.lv\/en\/wp-json\/wp\/v2\/product\/20883","targetHints":{"allow":["GET"]}}],"collection":[{"href":"https:\/\/vetline.lv\/en\/wp-json\/wp\/v2\/product"}],"about":[{"href":"https:\/\/vetline.lv\/en\/wp-json\/wp\/v2\/types\/product"}],"version-history":[{"count":4,"href":"https:\/\/vetline.lv\/en\/wp-json\/wp\/v2\/product\/20883\/revisions"}],"predecessor-version":[{"id":36889,"href":"https:\/\/vetline.lv\/en\/wp-json\/wp\/v2\/product\/20883\/revisions\/36889"}],"wp:featuredmedia":[{"embeddable":true,"href":"https:\/\/vetline.lv\/en\/wp-json\/wp\/v2\/media\/20884"}],"wp:attachment":[{"href":"https:\/\/vetline.lv\/en\/wp-json\/wp\/v2\/media?parent=20883"}],"wp:term":[{"taxonomy":"product_brand","embeddable":true,"href":"https:\/\/vetline.lv\/en\/wp-json\/wp\/v2\/product_brand?post=20883"},{"taxonomy":"product_cat","embeddable":true,"href":"https:\/\/vetline.lv\/en\/wp-json\/wp\/v2\/product_cat?post=20883"},{"taxonomy":"product_tag","embeddable":true,"href":"https:\/\/vetline.lv\/en\/wp-json\/wp\/v2\/product_tag?post=20883"}],"curies":[{"name":"wp","href":"https:\/\/api.w.org\/{rel}","templated":true}]}}