{"id":19016,"date":"2024-04-22T15:46:58","date_gmt":"2024-04-22T12:46:58","guid":{"rendered":"https:\/\/vetline.lv\/?post_type=product&#038;p=19016"},"modified":"2025-09-02T15:24:32","modified_gmt":"2025-09-02T12:24:32","slug":"puku-spalvu-nonemejs-n3","status":"publish","type":"product","link":"https:\/\/vetline.lv\/en\/product\/puku-spalvu-nonemejs-n3\/","title":{"rendered":"P\u016aKU SPALVU NO\u0145\u0112M\u0112JS N3"},"content":{"rendered":"","protected":false},"excerpt":{"rendered":"<p>P\u016aKU SPALVU NO\u0145\u0112M\u0112JS N3. Univers\u0101ls p\u016bku un spalvu no\u0146\u0113m\u0113js.<\/p>\n<p>Izm\u0113rs: 4cm x 20.5cm<\/p>\n","protected":false},"featured_media":19017,"template":"","meta":{"_acf_changed":false},"product_brand":[],"product_cat":[3299,21,2561],"product_tag":[],"class_list":{"0":"post-19016","1":"product","2":"type-product","3":"status-publish","4":"has-post-thumbnail","6":"product_cat-citas-preces-majai","7":"product_cat-pec-razotaja","8":"product_cat-nobleza","10":"first","11":"instock","12":"taxable","13":"shipping-taxable","14":"purchasable","15":"product-type-simple"},"acf":[],"_links":{"self":[{"href":"https:\/\/vetline.lv\/en\/wp-json\/wp\/v2\/product\/19016","targetHints":{"allow":["GET"]}}],"collection":[{"href":"https:\/\/vetline.lv\/en\/wp-json\/wp\/v2\/product"}],"about":[{"href":"https:\/\/vetline.lv\/en\/wp-json\/wp\/v2\/types\/product"}],"version-history":[{"count":2,"href":"https:\/\/vetline.lv\/en\/wp-json\/wp\/v2\/product\/19016\/revisions"}],"predecessor-version":[{"id":33106,"href":"https:\/\/vetline.lv\/en\/wp-json\/wp\/v2\/product\/19016\/revisions\/33106"}],"wp:featuredmedia":[{"embeddable":true,"href":"https:\/\/vetline.lv\/en\/wp-json\/wp\/v2\/media\/19017"}],"wp:attachment":[{"href":"https:\/\/vetline.lv\/en\/wp-json\/wp\/v2\/media?parent=19016"}],"wp:term":[{"taxonomy":"product_brand","embeddable":true,"href":"https:\/\/vetline.lv\/en\/wp-json\/wp\/v2\/product_brand?post=19016"},{"taxonomy":"product_cat","embeddable":true,"href":"https:\/\/vetline.lv\/en\/wp-json\/wp\/v2\/product_cat?post=19016"},{"taxonomy":"product_tag","embeddable":true,"href":"https:\/\/vetline.lv\/en\/wp-json\/wp\/v2\/product_tag?post=19016"}],"curies":[{"name":"wp","href":"https:\/\/api.w.org\/{rel}","templated":true}]}}