{"id":19009,"date":"2024-04-22T15:34:50","date_gmt":"2024-04-22T12:34:50","guid":{"rendered":"https:\/\/vetline.lv\/?post_type=product&#038;p=19009"},"modified":"2025-09-02T15:24:51","modified_gmt":"2025-09-02T12:24:51","slug":"puku-nonemeja-rulli-n2","status":"publish","type":"product","link":"https:\/\/vetline.lv\/en\/product\/puku-nonemeja-rulli-n2\/","title":{"rendered":"P\u016aKU NO\u0145\u0112M\u0112JA RU\u013b\u013bI N2"},"content":{"rendered":"","protected":false},"excerpt":{"rendered":"","protected":false},"featured_media":19010,"template":"","meta":{"_acf_changed":false},"product_brand":[],"product_cat":[128,3299,21,2561],"product_tag":[],"class_list":{"0":"post-19009","1":"product","2":"type-product","3":"status-publish","4":"has-post-thumbnail","6":"product_cat-sadzivei-un-labsajutai-lv","7":"product_cat-citas-preces-majai","8":"product_cat-pec-razotaja","9":"product_cat-nobleza","11":"first","12":"instock","13":"taxable","14":"shipping-taxable","15":"purchasable","16":"product-type-simple"},"acf":[],"_links":{"self":[{"href":"https:\/\/vetline.lv\/en\/wp-json\/wp\/v2\/product\/19009","targetHints":{"allow":["GET"]}}],"collection":[{"href":"https:\/\/vetline.lv\/en\/wp-json\/wp\/v2\/product"}],"about":[{"href":"https:\/\/vetline.lv\/en\/wp-json\/wp\/v2\/types\/product"}],"version-history":[{"count":1,"href":"https:\/\/vetline.lv\/en\/wp-json\/wp\/v2\/product\/19009\/revisions"}],"predecessor-version":[{"id":24991,"href":"https:\/\/vetline.lv\/en\/wp-json\/wp\/v2\/product\/19009\/revisions\/24991"}],"wp:featuredmedia":[{"embeddable":true,"href":"https:\/\/vetline.lv\/en\/wp-json\/wp\/v2\/media\/19010"}],"wp:attachment":[{"href":"https:\/\/vetline.lv\/en\/wp-json\/wp\/v2\/media?parent=19009"}],"wp:term":[{"taxonomy":"product_brand","embeddable":true,"href":"https:\/\/vetline.lv\/en\/wp-json\/wp\/v2\/product_brand?post=19009"},{"taxonomy":"product_cat","embeddable":true,"href":"https:\/\/vetline.lv\/en\/wp-json\/wp\/v2\/product_cat?post=19009"},{"taxonomy":"product_tag","embeddable":true,"href":"https:\/\/vetline.lv\/en\/wp-json\/wp\/v2\/product_tag?post=19009"}],"curies":[{"name":"wp","href":"https:\/\/api.w.org\/{rel}","templated":true}]}}