{"id":18951,"date":"2024-04-22T11:01:02","date_gmt":"2024-04-22T08:01:02","guid":{"rendered":"https:\/\/vetline.lv\/?post_type=product&#038;p=18951"},"modified":"2025-09-05T08:32:57","modified_gmt":"2025-09-05T05:32:57","slug":"pagarinatajs-rozetem-4-izejas-bez-vada","status":"publish","type":"product","link":"https:\/\/vetline.lv\/en\/product\/pagarinatajs-rozetem-4-izejas-bez-vada\/","title":{"rendered":"PAGARIN\u0100T\u0100JS ROZET\u0112M 4 IZEJAS BEZ VADA"},"content":{"rendered":"","protected":false},"excerpt":{"rendered":"","protected":false},"featured_media":18952,"template":"","meta":{"_acf_changed":false},"product_brand":[],"product_cat":[128,3299,21,2561],"product_tag":[],"class_list":{"0":"post-18951","1":"product","2":"type-product","3":"status-publish","4":"has-post-thumbnail","6":"product_cat-sadzivei-un-labsajutai-lv","7":"product_cat-citas-preces-majai","8":"product_cat-pec-razotaja","9":"product_cat-nobleza","11":"first","12":"instock","13":"taxable","14":"shipping-taxable","15":"purchasable","16":"product-type-simple"},"acf":[],"_links":{"self":[{"href":"https:\/\/vetline.lv\/en\/wp-json\/wp\/v2\/product\/18951","targetHints":{"allow":["GET"]}}],"collection":[{"href":"https:\/\/vetline.lv\/en\/wp-json\/wp\/v2\/product"}],"about":[{"href":"https:\/\/vetline.lv\/en\/wp-json\/wp\/v2\/types\/product"}],"version-history":[{"count":1,"href":"https:\/\/vetline.lv\/en\/wp-json\/wp\/v2\/product\/18951\/revisions"}],"predecessor-version":[{"id":24980,"href":"https:\/\/vetline.lv\/en\/wp-json\/wp\/v2\/product\/18951\/revisions\/24980"}],"wp:featuredmedia":[{"embeddable":true,"href":"https:\/\/vetline.lv\/en\/wp-json\/wp\/v2\/media\/18952"}],"wp:attachment":[{"href":"https:\/\/vetline.lv\/en\/wp-json\/wp\/v2\/media?parent=18951"}],"wp:term":[{"taxonomy":"product_brand","embeddable":true,"href":"https:\/\/vetline.lv\/en\/wp-json\/wp\/v2\/product_brand?post=18951"},{"taxonomy":"product_cat","embeddable":true,"href":"https:\/\/vetline.lv\/en\/wp-json\/wp\/v2\/product_cat?post=18951"},{"taxonomy":"product_tag","embeddable":true,"href":"https:\/\/vetline.lv\/en\/wp-json\/wp\/v2\/product_tag?post=18951"}],"curies":[{"name":"wp","href":"https:\/\/api.w.org\/{rel}","templated":true}]}}