{"id":18871,"date":"2024-04-19T18:59:38","date_gmt":"2024-04-19T15:59:38","guid":{"rendered":"https:\/\/vetline.lv\/?post_type=product&#038;p=18871"},"modified":"2025-09-02T15:25:07","modified_gmt":"2025-09-02T12:25:07","slug":"puku-spalvu-nonemejs-14cm","status":"publish","type":"product","link":"https:\/\/vetline.lv\/en\/product\/puku-spalvu-nonemejs-14cm\/","title":{"rendered":"P\u016aKU SPALVU NO\u0145\u0112M\u0112JS"},"content":{"rendered":"","protected":false},"excerpt":{"rendered":"","protected":false},"featured_media":18872,"template":"","meta":{"_acf_changed":false},"product_brand":[],"product_cat":[1959,128,3299,21,2561],"product_tag":[],"class_list":{"0":"post-18871","1":"product","2":"type-product","3":"status-publish","4":"has-post-thumbnail","6":"product_cat-kopsanas-higienas-preces","7":"product_cat-sadzivei-un-labsajutai-lv","8":"product_cat-citas-preces-majai","9":"product_cat-pec-razotaja","10":"product_cat-nobleza","12":"first","13":"instock","14":"taxable","15":"shipping-taxable","16":"purchasable","17":"product-type-simple"},"acf":[],"_links":{"self":[{"href":"https:\/\/vetline.lv\/en\/wp-json\/wp\/v2\/product\/18871","targetHints":{"allow":["GET"]}}],"collection":[{"href":"https:\/\/vetline.lv\/en\/wp-json\/wp\/v2\/product"}],"about":[{"href":"https:\/\/vetline.lv\/en\/wp-json\/wp\/v2\/types\/product"}],"version-history":[{"count":4,"href":"https:\/\/vetline.lv\/en\/wp-json\/wp\/v2\/product\/18871\/revisions"}],"predecessor-version":[{"id":25939,"href":"https:\/\/vetline.lv\/en\/wp-json\/wp\/v2\/product\/18871\/revisions\/25939"}],"wp:featuredmedia":[{"embeddable":true,"href":"https:\/\/vetline.lv\/en\/wp-json\/wp\/v2\/media\/18872"}],"wp:attachment":[{"href":"https:\/\/vetline.lv\/en\/wp-json\/wp\/v2\/media?parent=18871"}],"wp:term":[{"taxonomy":"product_brand","embeddable":true,"href":"https:\/\/vetline.lv\/en\/wp-json\/wp\/v2\/product_brand?post=18871"},{"taxonomy":"product_cat","embeddable":true,"href":"https:\/\/vetline.lv\/en\/wp-json\/wp\/v2\/product_cat?post=18871"},{"taxonomy":"product_tag","embeddable":true,"href":"https:\/\/vetline.lv\/en\/wp-json\/wp\/v2\/product_tag?post=18871"}],"curies":[{"name":"wp","href":"https:\/\/api.w.org\/{rel}","templated":true}]}}