{"id":18858,"date":"2024-04-19T18:07:25","date_gmt":"2024-04-19T15:07:25","guid":{"rendered":"https:\/\/vetline.lv\/?post_type=product&#038;p=18858"},"modified":"2025-09-05T08:33:27","modified_gmt":"2025-09-05T05:33:27","slug":"sadalitajs-rozetem-francu-4-izejas","status":"publish","type":"product","link":"https:\/\/vetline.lv\/en\/product\/sadalitajs-rozetem-francu-4-izejas\/","title":{"rendered":"SADAL\u012aT\u0100JS ROZET\u0112M FRAN\u010cU 4 IZEJAS"},"content":{"rendered":"","protected":false},"excerpt":{"rendered":"","protected":false},"featured_media":18859,"template":"","meta":{"_acf_changed":false},"product_brand":[],"product_cat":[128,3299,21,2561],"product_tag":[],"class_list":{"0":"post-18858","1":"product","2":"type-product","3":"status-publish","4":"has-post-thumbnail","6":"product_cat-sadzivei-un-labsajutai-lv","7":"product_cat-citas-preces-majai","8":"product_cat-pec-razotaja","9":"product_cat-nobleza","11":"first","12":"instock","13":"taxable","14":"shipping-taxable","15":"purchasable","16":"product-type-simple"},"acf":[],"_links":{"self":[{"href":"https:\/\/vetline.lv\/en\/wp-json\/wp\/v2\/product\/18858","targetHints":{"allow":["GET"]}}],"collection":[{"href":"https:\/\/vetline.lv\/en\/wp-json\/wp\/v2\/product"}],"about":[{"href":"https:\/\/vetline.lv\/en\/wp-json\/wp\/v2\/types\/product"}],"version-history":[{"count":2,"href":"https:\/\/vetline.lv\/en\/wp-json\/wp\/v2\/product\/18858\/revisions"}],"predecessor-version":[{"id":30503,"href":"https:\/\/vetline.lv\/en\/wp-json\/wp\/v2\/product\/18858\/revisions\/30503"}],"wp:featuredmedia":[{"embeddable":true,"href":"https:\/\/vetline.lv\/en\/wp-json\/wp\/v2\/media\/18859"}],"wp:attachment":[{"href":"https:\/\/vetline.lv\/en\/wp-json\/wp\/v2\/media?parent=18858"}],"wp:term":[{"taxonomy":"product_brand","embeddable":true,"href":"https:\/\/vetline.lv\/en\/wp-json\/wp\/v2\/product_brand?post=18858"},{"taxonomy":"product_cat","embeddable":true,"href":"https:\/\/vetline.lv\/en\/wp-json\/wp\/v2\/product_cat?post=18858"},{"taxonomy":"product_tag","embeddable":true,"href":"https:\/\/vetline.lv\/en\/wp-json\/wp\/v2\/product_tag?post=18858"}],"curies":[{"name":"wp","href":"https:\/\/api.w.org\/{rel}","templated":true}]}}