{"id":18837,"date":"2024-04-18T18:29:03","date_gmt":"2024-04-18T15:29:03","guid":{"rendered":"https:\/\/vetline.lv\/?post_type=product&#038;p=18837"},"modified":"2025-09-02T15:02:26","modified_gmt":"2025-09-02T12:02:26","slug":"puteklsucejs-rokas-70w-0-1l","status":"publish","type":"product","link":"https:\/\/vetline.lv\/en\/product\/puteklsucejs-rokas-70w-0-1l\/","title":{"rendered":"PUTEK\u013bS\u016aC\u0112JS ROKAS 70W, 0.1L"},"content":{"rendered":"","protected":false},"excerpt":{"rendered":"","protected":false},"featured_media":18838,"template":"","meta":{"_acf_changed":false},"product_brand":[],"product_cat":[128,3295,21,2561],"product_tag":[],"class_list":{"0":"post-18837","1":"product","2":"type-product","3":"status-publish","4":"has-post-thumbnail","6":"product_cat-sadzivei-un-labsajutai-lv","7":"product_cat-sadzives-tehnika","8":"product_cat-pec-razotaja","9":"product_cat-nobleza","11":"first","12":"instock","13":"taxable","14":"shipping-taxable","15":"purchasable","16":"product-type-simple"},"acf":[],"_links":{"self":[{"href":"https:\/\/vetline.lv\/en\/wp-json\/wp\/v2\/product\/18837","targetHints":{"allow":["GET"]}}],"collection":[{"href":"https:\/\/vetline.lv\/en\/wp-json\/wp\/v2\/product"}],"about":[{"href":"https:\/\/vetline.lv\/en\/wp-json\/wp\/v2\/types\/product"}],"version-history":[{"count":1,"href":"https:\/\/vetline.lv\/en\/wp-json\/wp\/v2\/product\/18837\/revisions"}],"predecessor-version":[{"id":25056,"href":"https:\/\/vetline.lv\/en\/wp-json\/wp\/v2\/product\/18837\/revisions\/25056"}],"wp:featuredmedia":[{"embeddable":true,"href":"https:\/\/vetline.lv\/en\/wp-json\/wp\/v2\/media\/18838"}],"wp:attachment":[{"href":"https:\/\/vetline.lv\/en\/wp-json\/wp\/v2\/media?parent=18837"}],"wp:term":[{"taxonomy":"product_brand","embeddable":true,"href":"https:\/\/vetline.lv\/en\/wp-json\/wp\/v2\/product_brand?post=18837"},{"taxonomy":"product_cat","embeddable":true,"href":"https:\/\/vetline.lv\/en\/wp-json\/wp\/v2\/product_cat?post=18837"},{"taxonomy":"product_tag","embeddable":true,"href":"https:\/\/vetline.lv\/en\/wp-json\/wp\/v2\/product_tag?post=18837"}],"curies":[{"name":"wp","href":"https:\/\/api.w.org\/{rel}","templated":true}]}}