{"id":18811,"date":"2025-07-18T14:02:29","date_gmt":"2025-07-18T11:02:29","guid":{"rendered":"https:\/\/vetline.lv\/?post_type=product&#038;p=18811"},"modified":"2025-09-01T14:03:16","modified_gmt":"2025-09-01T11:03:16","slug":"puteklusucejs-robots-ar-mazgasanas-funkciju-12w-530ml","status":"publish","type":"product","link":"https:\/\/vetline.lv\/en\/product\/puteklusucejs-robots-ar-mazgasanas-funkciju-12w-530ml\/","title":{"rendered":"PUTEK\u013bS\u016aC\u0112JS ROBOTS AR MAZG\u0100\u0160ANAS FUNKCIJU 12W, 530ML"},"content":{"rendered":"","protected":false},"excerpt":{"rendered":"","protected":false},"featured_media":18812,"template":"","meta":{"_acf_changed":false},"product_brand":[],"product_cat":[2035,128,3295,21,2561],"product_tag":[],"class_list":{"0":"post-18811","1":"product","2":"type-product","3":"status-publish","4":"has-post-thumbnail","6":"product_cat-jaunums-pa-grupam","7":"product_cat-sadzivei-un-labsajutai-lv","8":"product_cat-sadzives-tehnika","9":"product_cat-pec-razotaja","10":"product_cat-nobleza","12":"first","13":"instock","14":"featured","15":"taxable","16":"shipping-taxable","17":"purchasable","18":"product-type-simple"},"acf":[],"_links":{"self":[{"href":"https:\/\/vetline.lv\/en\/wp-json\/wp\/v2\/product\/18811","targetHints":{"allow":["GET"]}}],"collection":[{"href":"https:\/\/vetline.lv\/en\/wp-json\/wp\/v2\/product"}],"about":[{"href":"https:\/\/vetline.lv\/en\/wp-json\/wp\/v2\/types\/product"}],"version-history":[{"count":2,"href":"https:\/\/vetline.lv\/en\/wp-json\/wp\/v2\/product\/18811\/revisions"}],"predecessor-version":[{"id":25131,"href":"https:\/\/vetline.lv\/en\/wp-json\/wp\/v2\/product\/18811\/revisions\/25131"}],"wp:featuredmedia":[{"embeddable":true,"href":"https:\/\/vetline.lv\/en\/wp-json\/wp\/v2\/media\/18812"}],"wp:attachment":[{"href":"https:\/\/vetline.lv\/en\/wp-json\/wp\/v2\/media?parent=18811"}],"wp:term":[{"taxonomy":"product_brand","embeddable":true,"href":"https:\/\/vetline.lv\/en\/wp-json\/wp\/v2\/product_brand?post=18811"},{"taxonomy":"product_cat","embeddable":true,"href":"https:\/\/vetline.lv\/en\/wp-json\/wp\/v2\/product_cat?post=18811"},{"taxonomy":"product_tag","embeddable":true,"href":"https:\/\/vetline.lv\/en\/wp-json\/wp\/v2\/product_tag?post=18811"}],"curies":[{"name":"wp","href":"https:\/\/api.w.org\/{rel}","templated":true}]}}