{"id":18436,"date":"2024-02-08T14:20:16","date_gmt":"2024-02-08T12:20:16","guid":{"rendered":"https:\/\/vetline.lv\/?post_type=product&#038;p=18436"},"modified":"2026-04-15T10:52:09","modified_gmt":"2026-04-15T07:52:09","slug":"automatiska-dzirdinatava-caurspidiga-2-5l","status":"publish","type":"product","link":"https:\/\/vetline.lv\/en\/product\/automatiska-dzirdinatava-caurspidiga-2-5l\/","title":{"rendered":"AUTOM\u0100TISK\u0100 DZIRDIN\u0100TAVA CAURSP\u012aD\u012aGA"},"content":{"rendered":"","protected":false},"excerpt":{"rendered":"","protected":false},"featured_media":18437,"template":"","meta":{"_acf_changed":false},"product_brand":[],"product_cat":[1963,1979,128,3299,21,2561],"product_tag":[],"class_list":{"0":"post-18436","1":"product","2":"type-product","3":"status-publish","4":"has-post-thumbnail","6":"product_cat-zoopreces","7":"product_cat-blodas","8":"product_cat-sadzivei-un-labsajutai-lv","9":"product_cat-citas-preces-majai","10":"product_cat-pec-razotaja","11":"product_cat-nobleza","13":"first","14":"outofstock","15":"taxable","16":"shipping-taxable","17":"purchasable","18":"product-type-simple"},"acf":[],"_links":{"self":[{"href":"https:\/\/vetline.lv\/en\/wp-json\/wp\/v2\/product\/18436","targetHints":{"allow":["GET"]}}],"collection":[{"href":"https:\/\/vetline.lv\/en\/wp-json\/wp\/v2\/product"}],"about":[{"href":"https:\/\/vetline.lv\/en\/wp-json\/wp\/v2\/types\/product"}],"version-history":[{"count":5,"href":"https:\/\/vetline.lv\/en\/wp-json\/wp\/v2\/product\/18436\/revisions"}],"predecessor-version":[{"id":30507,"href":"https:\/\/vetline.lv\/en\/wp-json\/wp\/v2\/product\/18436\/revisions\/30507"}],"wp:featuredmedia":[{"embeddable":true,"href":"https:\/\/vetline.lv\/en\/wp-json\/wp\/v2\/media\/18437"}],"wp:attachment":[{"href":"https:\/\/vetline.lv\/en\/wp-json\/wp\/v2\/media?parent=18436"}],"wp:term":[{"taxonomy":"product_brand","embeddable":true,"href":"https:\/\/vetline.lv\/en\/wp-json\/wp\/v2\/product_brand?post=18436"},{"taxonomy":"product_cat","embeddable":true,"href":"https:\/\/vetline.lv\/en\/wp-json\/wp\/v2\/product_cat?post=18436"},{"taxonomy":"product_tag","embeddable":true,"href":"https:\/\/vetline.lv\/en\/wp-json\/wp\/v2\/product_tag?post=18436"}],"curies":[{"name":"wp","href":"https:\/\/api.w.org\/{rel}","templated":true}]}}