{"id":18341,"date":"2025-02-07T11:03:53","date_gmt":"2025-02-07T09:03:53","guid":{"rendered":"https:\/\/vetline.lv\/?post_type=product&#038;p=18341"},"modified":"2025-09-01T14:32:29","modified_gmt":"2025-09-01T11:32:29","slug":"automatiska-dzirdinatava-2-5l","status":"publish","type":"product","link":"https:\/\/vetline.lv\/en\/product\/automatiska-dzirdinatava-2-5l\/","title":{"rendered":"AUTOM\u0100TISK\u0100 DZIRDIN\u0100TAVA"},"content":{"rendered":"","protected":false},"excerpt":{"rendered":"","protected":false},"featured_media":18342,"template":"","meta":{"_acf_changed":false},"product_brand":[],"product_cat":[1963,1979,128,3295,21,2561],"product_tag":[],"class_list":{"0":"post-18341","1":"product","2":"type-product","3":"status-publish","4":"has-post-thumbnail","6":"product_cat-zoopreces","7":"product_cat-blodas","8":"product_cat-sadzivei-un-labsajutai-lv","9":"product_cat-sadzives-tehnika","10":"product_cat-pec-razotaja","11":"product_cat-nobleza","13":"first","14":"instock","15":"featured","16":"taxable","17":"shipping-taxable","18":"purchasable","19":"product-type-simple"},"acf":[],"_links":{"self":[{"href":"https:\/\/vetline.lv\/en\/wp-json\/wp\/v2\/product\/18341","targetHints":{"allow":["GET"]}}],"collection":[{"href":"https:\/\/vetline.lv\/en\/wp-json\/wp\/v2\/product"}],"about":[{"href":"https:\/\/vetline.lv\/en\/wp-json\/wp\/v2\/types\/product"}],"version-history":[{"count":3,"href":"https:\/\/vetline.lv\/en\/wp-json\/wp\/v2\/product\/18341\/revisions"}],"predecessor-version":[{"id":25597,"href":"https:\/\/vetline.lv\/en\/wp-json\/wp\/v2\/product\/18341\/revisions\/25597"}],"wp:featuredmedia":[{"embeddable":true,"href":"https:\/\/vetline.lv\/en\/wp-json\/wp\/v2\/media\/18342"}],"wp:attachment":[{"href":"https:\/\/vetline.lv\/en\/wp-json\/wp\/v2\/media?parent=18341"}],"wp:term":[{"taxonomy":"product_brand","embeddable":true,"href":"https:\/\/vetline.lv\/en\/wp-json\/wp\/v2\/product_brand?post=18341"},{"taxonomy":"product_cat","embeddable":true,"href":"https:\/\/vetline.lv\/en\/wp-json\/wp\/v2\/product_cat?post=18341"},{"taxonomy":"product_tag","embeddable":true,"href":"https:\/\/vetline.lv\/en\/wp-json\/wp\/v2\/product_tag?post=18341"}],"curies":[{"name":"wp","href":"https:\/\/api.w.org\/{rel}","templated":true}]}}