{"id":18333,"date":"2024-02-06T09:31:54","date_gmt":"2024-02-06T07:31:54","guid":{"rendered":"https:\/\/vetline.lv\/?post_type=product&#038;p=18333"},"modified":"2025-09-05T08:33:49","modified_gmt":"2025-09-05T05:33:49","slug":"usb-port-ladetajs-2-ways-2-1a","status":"publish","type":"product","link":"https:\/\/vetline.lv\/en\/product\/usb-port-ladetajs-2-ways-2-1a\/","title":{"rendered":"USB PORT L\u0100D\u0112T\u0100JS 2 WAYS 2.1A"},"content":{"rendered":"","protected":false},"excerpt":{"rendered":"","protected":false},"featured_media":18334,"template":"","meta":{"_acf_changed":false},"product_brand":[],"product_cat":[128,3299,21,2561],"product_tag":[],"class_list":{"0":"post-18333","1":"product","2":"type-product","3":"status-publish","4":"has-post-thumbnail","6":"product_cat-sadzivei-un-labsajutai-lv","7":"product_cat-citas-preces-majai","8":"product_cat-pec-razotaja","9":"product_cat-nobleza","11":"first","12":"instock","13":"taxable","14":"shipping-taxable","15":"purchasable","16":"product-type-simple"},"acf":[],"_links":{"self":[{"href":"https:\/\/vetline.lv\/en\/wp-json\/wp\/v2\/product\/18333","targetHints":{"allow":["GET"]}}],"collection":[{"href":"https:\/\/vetline.lv\/en\/wp-json\/wp\/v2\/product"}],"about":[{"href":"https:\/\/vetline.lv\/en\/wp-json\/wp\/v2\/types\/product"}],"version-history":[{"count":1,"href":"https:\/\/vetline.lv\/en\/wp-json\/wp\/v2\/product\/18333\/revisions"}],"predecessor-version":[{"id":24921,"href":"https:\/\/vetline.lv\/en\/wp-json\/wp\/v2\/product\/18333\/revisions\/24921"}],"wp:featuredmedia":[{"embeddable":true,"href":"https:\/\/vetline.lv\/en\/wp-json\/wp\/v2\/media\/18334"}],"wp:attachment":[{"href":"https:\/\/vetline.lv\/en\/wp-json\/wp\/v2\/media?parent=18333"}],"wp:term":[{"taxonomy":"product_brand","embeddable":true,"href":"https:\/\/vetline.lv\/en\/wp-json\/wp\/v2\/product_brand?post=18333"},{"taxonomy":"product_cat","embeddable":true,"href":"https:\/\/vetline.lv\/en\/wp-json\/wp\/v2\/product_cat?post=18333"},{"taxonomy":"product_tag","embeddable":true,"href":"https:\/\/vetline.lv\/en\/wp-json\/wp\/v2\/product_tag?post=18333"}],"curies":[{"name":"wp","href":"https:\/\/api.w.org\/{rel}","templated":true}]}}