{"id":18305,"date":"2024-02-01T14:36:18","date_gmt":"2024-02-01T12:36:18","guid":{"rendered":"https:\/\/vetline.lv\/?post_type=product&#038;p=18305"},"modified":"2025-09-05T08:34:51","modified_gmt":"2025-09-05T05:34:51","slug":"stikla-ramis-rozetem-1-vietigs","status":"publish","type":"product","link":"https:\/\/vetline.lv\/en\/product\/stikla-ramis-rozetem-1-vietigs\/","title":{"rendered":"STIKLA R\u0100MIS ROZET\u0112M | SL\u0112D\u017dIEM 1-VIET\u012aGS"},"content":{"rendered":"","protected":false},"excerpt":{"rendered":"","protected":false},"featured_media":18306,"template":"","meta":{"_acf_changed":false},"product_brand":[],"product_cat":[128,3299,21,2561],"product_tag":[],"class_list":{"0":"post-18305","1":"product","2":"type-product","3":"status-publish","4":"has-post-thumbnail","6":"product_cat-sadzivei-un-labsajutai-lv","7":"product_cat-citas-preces-majai","8":"product_cat-pec-razotaja","9":"product_cat-nobleza","11":"first","12":"instock","13":"taxable","14":"shipping-taxable","15":"purchasable","16":"product-type-simple"},"acf":[],"_links":{"self":[{"href":"https:\/\/vetline.lv\/en\/wp-json\/wp\/v2\/product\/18305","targetHints":{"allow":["GET"]}}],"collection":[{"href":"https:\/\/vetline.lv\/en\/wp-json\/wp\/v2\/product"}],"about":[{"href":"https:\/\/vetline.lv\/en\/wp-json\/wp\/v2\/types\/product"}],"version-history":[{"count":1,"href":"https:\/\/vetline.lv\/en\/wp-json\/wp\/v2\/product\/18305\/revisions"}],"predecessor-version":[{"id":24940,"href":"https:\/\/vetline.lv\/en\/wp-json\/wp\/v2\/product\/18305\/revisions\/24940"}],"wp:featuredmedia":[{"embeddable":true,"href":"https:\/\/vetline.lv\/en\/wp-json\/wp\/v2\/media\/18306"}],"wp:attachment":[{"href":"https:\/\/vetline.lv\/en\/wp-json\/wp\/v2\/media?parent=18305"}],"wp:term":[{"taxonomy":"product_brand","embeddable":true,"href":"https:\/\/vetline.lv\/en\/wp-json\/wp\/v2\/product_brand?post=18305"},{"taxonomy":"product_cat","embeddable":true,"href":"https:\/\/vetline.lv\/en\/wp-json\/wp\/v2\/product_cat?post=18305"},{"taxonomy":"product_tag","embeddable":true,"href":"https:\/\/vetline.lv\/en\/wp-json\/wp\/v2\/product_tag?post=18305"}],"curies":[{"name":"wp","href":"https:\/\/api.w.org\/{rel}","templated":true}]}}