{"id":18132,"date":"2023-12-15T10:21:23","date_gmt":"2023-12-15T08:21:23","guid":{"rendered":"https:\/\/vetline.lv\/?post_type=product&#038;p=18132"},"modified":"2025-09-02T15:38:15","modified_gmt":"2025-09-02T12:38:15","slug":"tejkanna-elektriska-sudrabota-metala-1-7l","status":"publish","type":"product","link":"https:\/\/vetline.lv\/en\/product\/tejkanna-elektriska-sudrabota-metala-1-7l\/","title":{"rendered":"T\u0112JKANNA ELEKTRISK\u0100 SUDRABOTA MET\u0100LA 1.7L"},"content":{"rendered":"","protected":false},"excerpt":{"rendered":"","protected":false},"featured_media":18133,"template":"","meta":{"_acf_changed":false},"product_brand":[],"product_cat":[128,3295,21,2561],"product_tag":[],"class_list":{"0":"post-18132","1":"product","2":"type-product","3":"status-publish","4":"has-post-thumbnail","6":"product_cat-sadzivei-un-labsajutai-lv","7":"product_cat-sadzives-tehnika","8":"product_cat-pec-razotaja","9":"product_cat-nobleza","11":"first","12":"instock","13":"taxable","14":"shipping-taxable","15":"purchasable","16":"product-type-simple"},"acf":[],"_links":{"self":[{"href":"https:\/\/vetline.lv\/en\/wp-json\/wp\/v2\/product\/18132","targetHints":{"allow":["GET"]}}],"collection":[{"href":"https:\/\/vetline.lv\/en\/wp-json\/wp\/v2\/product"}],"about":[{"href":"https:\/\/vetline.lv\/en\/wp-json\/wp\/v2\/types\/product"}],"version-history":[{"count":3,"href":"https:\/\/vetline.lv\/en\/wp-json\/wp\/v2\/product\/18132\/revisions"}],"predecessor-version":[{"id":25143,"href":"https:\/\/vetline.lv\/en\/wp-json\/wp\/v2\/product\/18132\/revisions\/25143"}],"wp:featuredmedia":[{"embeddable":true,"href":"https:\/\/vetline.lv\/en\/wp-json\/wp\/v2\/media\/18133"}],"wp:attachment":[{"href":"https:\/\/vetline.lv\/en\/wp-json\/wp\/v2\/media?parent=18132"}],"wp:term":[{"taxonomy":"product_brand","embeddable":true,"href":"https:\/\/vetline.lv\/en\/wp-json\/wp\/v2\/product_brand?post=18132"},{"taxonomy":"product_cat","embeddable":true,"href":"https:\/\/vetline.lv\/en\/wp-json\/wp\/v2\/product_cat?post=18132"},{"taxonomy":"product_tag","embeddable":true,"href":"https:\/\/vetline.lv\/en\/wp-json\/wp\/v2\/product_tag?post=18132"}],"curies":[{"name":"wp","href":"https:\/\/api.w.org\/{rel}","templated":true}]}}