{"id":18062,"date":"2025-10-05T15:05:54","date_gmt":"2025-10-05T12:05:54","guid":{"rendered":"https:\/\/vetline.lv\/?post_type=product&#038;p=18062"},"modified":"2025-10-16T08:15:41","modified_gmt":"2025-10-16T05:15:41","slug":"puteklusucejs-bezvadu-250w","status":"publish","type":"product","link":"https:\/\/vetline.lv\/en\/product\/puteklusucejs-bezvadu-250w\/","title":{"rendered":"PUTEK\u013bS\u016aC\u0112JS BEZVADU 250W"},"content":{"rendered":"","protected":false},"excerpt":{"rendered":"","protected":false},"featured_media":18063,"template":"","meta":{"_acf_changed":false},"product_brand":[],"product_cat":[976,128,3295,21,2561],"product_tag":[],"class_list":{"0":"post-18062","1":"product","2":"type-product","3":"status-publish","4":"has-post-thumbnail","6":"product_cat-akcijas-produkti","7":"product_cat-sadzivei-un-labsajutai-lv","8":"product_cat-sadzives-tehnika","9":"product_cat-pec-razotaja","10":"product_cat-nobleza","12":"first","13":"instock","14":"sale","15":"featured","16":"taxable","17":"shipping-taxable","18":"purchasable","19":"product-type-simple"},"acf":[],"_links":{"self":[{"href":"https:\/\/vetline.lv\/en\/wp-json\/wp\/v2\/product\/18062","targetHints":{"allow":["GET"]}}],"collection":[{"href":"https:\/\/vetline.lv\/en\/wp-json\/wp\/v2\/product"}],"about":[{"href":"https:\/\/vetline.lv\/en\/wp-json\/wp\/v2\/types\/product"}],"version-history":[{"count":5,"href":"https:\/\/vetline.lv\/en\/wp-json\/wp\/v2\/product\/18062\/revisions"}],"predecessor-version":[{"id":30493,"href":"https:\/\/vetline.lv\/en\/wp-json\/wp\/v2\/product\/18062\/revisions\/30493"}],"wp:featuredmedia":[{"embeddable":true,"href":"https:\/\/vetline.lv\/en\/wp-json\/wp\/v2\/media\/18063"}],"wp:attachment":[{"href":"https:\/\/vetline.lv\/en\/wp-json\/wp\/v2\/media?parent=18062"}],"wp:term":[{"taxonomy":"product_brand","embeddable":true,"href":"https:\/\/vetline.lv\/en\/wp-json\/wp\/v2\/product_brand?post=18062"},{"taxonomy":"product_cat","embeddable":true,"href":"https:\/\/vetline.lv\/en\/wp-json\/wp\/v2\/product_cat?post=18062"},{"taxonomy":"product_tag","embeddable":true,"href":"https:\/\/vetline.lv\/en\/wp-json\/wp\/v2\/product_tag?post=18062"}],"curies":[{"name":"wp","href":"https:\/\/api.w.org\/{rel}","templated":true}]}}