{"id":18038,"date":"2023-12-11T13:57:13","date_gmt":"2023-12-11T11:57:13","guid":{"rendered":"https:\/\/vetline.lv\/?post_type=product&#038;p=18038"},"modified":"2025-09-02T16:22:13","modified_gmt":"2025-09-02T13:22:13","slug":"fens-salokams-celojuma-1800w","status":"publish","type":"product","link":"https:\/\/vetline.lv\/en\/product\/fens-salokams-celojuma-1800w\/","title":{"rendered":"F\u0112NS SALOK\u0100MS CE\u013bOJUMA 1800W"},"content":{"rendered":"","protected":false},"excerpt":{"rendered":"","protected":false},"featured_media":18040,"template":"","meta":{"_acf_changed":false},"product_brand":[],"product_cat":[128,3296,21,2561],"product_tag":[],"class_list":{"0":"post-18038","1":"product","2":"type-product","3":"status-publish","4":"has-post-thumbnail","6":"product_cat-sadzivei-un-labsajutai-lv","7":"product_cat-skaistumam","8":"product_cat-pec-razotaja","9":"product_cat-nobleza","11":"first","12":"instock","13":"taxable","14":"shipping-taxable","15":"purchasable","16":"product-type-simple"},"acf":[],"_links":{"self":[{"href":"https:\/\/vetline.lv\/en\/wp-json\/wp\/v2\/product\/18038","targetHints":{"allow":["GET"]}}],"collection":[{"href":"https:\/\/vetline.lv\/en\/wp-json\/wp\/v2\/product"}],"about":[{"href":"https:\/\/vetline.lv\/en\/wp-json\/wp\/v2\/types\/product"}],"version-history":[{"count":2,"href":"https:\/\/vetline.lv\/en\/wp-json\/wp\/v2\/product\/18038\/revisions"}],"predecessor-version":[{"id":25075,"href":"https:\/\/vetline.lv\/en\/wp-json\/wp\/v2\/product\/18038\/revisions\/25075"}],"wp:featuredmedia":[{"embeddable":true,"href":"https:\/\/vetline.lv\/en\/wp-json\/wp\/v2\/media\/18040"}],"wp:attachment":[{"href":"https:\/\/vetline.lv\/en\/wp-json\/wp\/v2\/media?parent=18038"}],"wp:term":[{"taxonomy":"product_brand","embeddable":true,"href":"https:\/\/vetline.lv\/en\/wp-json\/wp\/v2\/product_brand?post=18038"},{"taxonomy":"product_cat","embeddable":true,"href":"https:\/\/vetline.lv\/en\/wp-json\/wp\/v2\/product_cat?post=18038"},{"taxonomy":"product_tag","embeddable":true,"href":"https:\/\/vetline.lv\/en\/wp-json\/wp\/v2\/product_tag?post=18038"}],"curies":[{"name":"wp","href":"https:\/\/api.w.org\/{rel}","templated":true}]}}