{"id":17802,"date":"2023-11-26T12:34:40","date_gmt":"2023-11-26T10:34:40","guid":{"rendered":"https:\/\/vetline.lv\/?post_type=product&#038;p=17802"},"modified":"2025-09-02T16:23:00","modified_gmt":"2025-09-02T13:23:00","slug":"birste-puku-nonemsanai-magicfur-kit","status":"publish","type":"product","link":"https:\/\/vetline.lv\/en\/product\/birste-puku-nonemsanai-magicfur-kit\/","title":{"rendered":"BIRSTES KOMPLEKTS P\u016aKU NO\u0145EM\u0160ANAI"},"content":{"rendered":"","protected":false},"excerpt":{"rendered":"","protected":false},"featured_media":17803,"template":"","meta":{"_acf_changed":false},"product_brand":[],"product_cat":[1959,128,3299,21,132],"product_tag":[],"class_list":{"0":"post-17802","1":"product","2":"type-product","3":"status-publish","4":"has-post-thumbnail","6":"product_cat-kopsanas-higienas-preces","7":"product_cat-sadzivei-un-labsajutai-lv","8":"product_cat-citas-preces-majai","9":"product_cat-pec-razotaja","10":"product_cat-croci-spa-lv","12":"first","13":"instock","14":"taxable","15":"shipping-taxable","16":"purchasable","17":"product-type-simple"},"acf":[],"_links":{"self":[{"href":"https:\/\/vetline.lv\/en\/wp-json\/wp\/v2\/product\/17802","targetHints":{"allow":["GET"]}}],"collection":[{"href":"https:\/\/vetline.lv\/en\/wp-json\/wp\/v2\/product"}],"about":[{"href":"https:\/\/vetline.lv\/en\/wp-json\/wp\/v2\/types\/product"}],"version-history":[{"count":3,"href":"https:\/\/vetline.lv\/en\/wp-json\/wp\/v2\/product\/17802\/revisions"}],"predecessor-version":[{"id":25497,"href":"https:\/\/vetline.lv\/en\/wp-json\/wp\/v2\/product\/17802\/revisions\/25497"}],"wp:featuredmedia":[{"embeddable":true,"href":"https:\/\/vetline.lv\/en\/wp-json\/wp\/v2\/media\/17803"}],"wp:attachment":[{"href":"https:\/\/vetline.lv\/en\/wp-json\/wp\/v2\/media?parent=17802"}],"wp:term":[{"taxonomy":"product_brand","embeddable":true,"href":"https:\/\/vetline.lv\/en\/wp-json\/wp\/v2\/product_brand?post=17802"},{"taxonomy":"product_cat","embeddable":true,"href":"https:\/\/vetline.lv\/en\/wp-json\/wp\/v2\/product_cat?post=17802"},{"taxonomy":"product_tag","embeddable":true,"href":"https:\/\/vetline.lv\/en\/wp-json\/wp\/v2\/product_tag?post=17802"}],"curies":[{"name":"wp","href":"https:\/\/api.w.org\/{rel}","templated":true}]}}