{"id":15494,"date":"2023-03-31T14:05:18","date_gmt":"2023-03-31T11:05:18","guid":{"rendered":"https:\/\/vetline.lv\/?post_type=product&#038;p=15494"},"modified":"2025-09-02T15:25:20","modified_gmt":"2025-09-02T12:25:20","slug":"kemme-aig-silikona-ag0115-2","status":"publish","type":"product","link":"https:\/\/vetline.lv\/en\/product\/kemme-aig-silikona-ag0115-2\/","title":{"rendered":"P\u016aKU SPALVU NO\u0145\u0112M\u0112JS SILIKONA"},"content":{"rendered":"","protected":false},"excerpt":{"rendered":"","protected":false},"featured_media":15495,"template":"","meta":{"_acf_changed":false},"product_brand":[],"product_cat":[1959,128,3299,21,2561],"product_tag":[],"class_list":{"0":"post-15494","1":"product","2":"type-product","3":"status-publish","4":"has-post-thumbnail","6":"product_cat-kopsanas-higienas-preces","7":"product_cat-sadzivei-un-labsajutai-lv","8":"product_cat-citas-preces-majai","9":"product_cat-pec-razotaja","10":"product_cat-nobleza","12":"first","13":"instock","14":"taxable","15":"shipping-taxable","16":"purchasable","17":"product-type-simple"},"acf":[],"_links":{"self":[{"href":"https:\/\/vetline.lv\/en\/wp-json\/wp\/v2\/product\/15494","targetHints":{"allow":["GET"]}}],"collection":[{"href":"https:\/\/vetline.lv\/en\/wp-json\/wp\/v2\/product"}],"about":[{"href":"https:\/\/vetline.lv\/en\/wp-json\/wp\/v2\/types\/product"}],"version-history":[{"count":3,"href":"https:\/\/vetline.lv\/en\/wp-json\/wp\/v2\/product\/15494\/revisions"}],"predecessor-version":[{"id":27540,"href":"https:\/\/vetline.lv\/en\/wp-json\/wp\/v2\/product\/15494\/revisions\/27540"}],"wp:featuredmedia":[{"embeddable":true,"href":"https:\/\/vetline.lv\/en\/wp-json\/wp\/v2\/media\/15495"}],"wp:attachment":[{"href":"https:\/\/vetline.lv\/en\/wp-json\/wp\/v2\/media?parent=15494"}],"wp:term":[{"taxonomy":"product_brand","embeddable":true,"href":"https:\/\/vetline.lv\/en\/wp-json\/wp\/v2\/product_brand?post=15494"},{"taxonomy":"product_cat","embeddable":true,"href":"https:\/\/vetline.lv\/en\/wp-json\/wp\/v2\/product_cat?post=15494"},{"taxonomy":"product_tag","embeddable":true,"href":"https:\/\/vetline.lv\/en\/wp-json\/wp\/v2\/product_tag?post=15494"}],"curies":[{"name":"wp","href":"https:\/\/api.w.org\/{rel}","templated":true}]}}