{"id":15304,"date":"2023-03-21T14:21:41","date_gmt":"2023-03-21T12:21:41","guid":{"rendered":"https:\/\/vetline.lv\/?post_type=product&#038;p=15304"},"modified":"2025-09-02T16:26:06","modified_gmt":"2025-09-02T13:26:06","slug":"spainis-nerusejosa-terauda-3-75l-5-65l-8-5l-12-3l-18-08l","status":"publish","type":"product","link":"https:\/\/vetline.lv\/en\/product\/spainis-nerusejosa-terauda-3-75l-5-65l-8-5l-12-3l-18-08l\/","title":{"rendered":"SPAINIS NER\u016aS\u0112JO\u0160\u0100 T\u0112RAUDA"},"content":{"rendered":"","protected":false},"excerpt":{"rendered":"","protected":false},"featured_media":15314,"template":"","meta":{"_acf_changed":false},"product_brand":[],"product_cat":[1963,1979,3164,128,3299,21,2561],"product_tag":[],"class_list":{"0":"post-15304","1":"product","2":"type-product","3":"status-publish","4":"has-post-thumbnail","6":"product_cat-zoopreces","7":"product_cat-blodas","8":"product_cat-produktivie-dzivnieki","9":"product_cat-sadzivei-un-labsajutai-lv","10":"product_cat-citas-preces-majai","11":"product_cat-pec-razotaja","12":"product_cat-nobleza","14":"first","15":"instock","16":"taxable","17":"shipping-taxable","18":"purchasable","19":"product-type-variable","20":"has-default-attributes"},"acf":[],"_links":{"self":[{"href":"https:\/\/vetline.lv\/en\/wp-json\/wp\/v2\/product\/15304","targetHints":{"allow":["GET"]}}],"collection":[{"href":"https:\/\/vetline.lv\/en\/wp-json\/wp\/v2\/product"}],"about":[{"href":"https:\/\/vetline.lv\/en\/wp-json\/wp\/v2\/types\/product"}],"version-history":[{"count":8,"href":"https:\/\/vetline.lv\/en\/wp-json\/wp\/v2\/product\/15304\/revisions"}],"predecessor-version":[{"id":32417,"href":"https:\/\/vetline.lv\/en\/wp-json\/wp\/v2\/product\/15304\/revisions\/32417"}],"wp:featuredmedia":[{"embeddable":true,"href":"https:\/\/vetline.lv\/en\/wp-json\/wp\/v2\/media\/15314"}],"wp:attachment":[{"href":"https:\/\/vetline.lv\/en\/wp-json\/wp\/v2\/media?parent=15304"}],"wp:term":[{"taxonomy":"product_brand","embeddable":true,"href":"https:\/\/vetline.lv\/en\/wp-json\/wp\/v2\/product_brand?post=15304"},{"taxonomy":"product_cat","embeddable":true,"href":"https:\/\/vetline.lv\/en\/wp-json\/wp\/v2\/product_cat?post=15304"},{"taxonomy":"product_tag","embeddable":true,"href":"https:\/\/vetline.lv\/en\/wp-json\/wp\/v2\/product_tag?post=15304"}],"curies":[{"name":"wp","href":"https:\/\/api.w.org\/{rel}","templated":true}]}}