{"id":15107,"date":"2023-01-27T11:05:04","date_gmt":"2023-01-27T11:05:04","guid":{"rendered":"https:\/\/vetline.lv\/?post_type=product&#038;p=15107"},"modified":"2025-09-02T16:26:21","modified_gmt":"2025-09-02T13:26:21","slug":"farmina-konteineris-baribas-uzglabasanai-15kg-f2911","status":"publish","type":"product","link":"https:\/\/vetline.lv\/en\/product\/farmina-konteineris-baribas-uzglabasanai-15kg-f2911\/","title":{"rendered":"KONTEINERIS BAR\u012aBAS UZGLAB\u0100\u0160ANAI"},"content":{"rendered":"","protected":false},"excerpt":{"rendered":"","protected":false},"featured_media":18666,"template":"","meta":{"_acf_changed":false},"product_brand":[],"product_cat":[3173,2027,2547,2545,2543,2549,2541,3143,3154,3183,3261,3182,3172,2029,2557,2555,2553,2559,2551,3144,3156,3184,3263,3264,1973,1963,1979,128,3299,21,140],"product_tag":[],"class_list":{"0":"post-15107","1":"product","2":"type-product","3":"status-publish","4":"has-post-thumbnail","6":"product_cat-baribas-kakiem2","7":"product_cat-kakiem","8":"product_cat-ancestral-grain-mazgraudu-linija","9":"product_cat-prime-bezgraudu-linija","10":"product_cat-pumpkin-bezgraudu-linija","11":"product_cat-ocean-bezgraudu-mazgraudu-linija","12":"product_cat-quinoa-bezgraudu-linija","13":"product_cat-spirulina-bezgraudu-linija","14":"product_cat-tropical-selection-mazgraudu-linija","15":"product_cat-vet-life-dieta","16":"product_cat-matisse-k2","17":"product_cat-team-breeder-baribas-kakiem","18":"product_cat-baribas-suniem3","19":"product_cat-suniem","20":"product_cat-ancestral-grain-mazgraudu-linija-lv","21":"product_cat-prime-bezgraudu-linija-lv","22":"product_cat-pumpkin-bezgraudu-linija-lv","23":"product_cat-ocean-mazgraudu-bezgraudu-linija","24":"product_cat-quinoa-bezgraudu-linija-lv","25":"product_cat-spirulina-bezgraudu-linija-suniem","26":"product_cat-tropical-selection-mazgraudu-linija-suniem","27":"product_cat-vet-life-dieta-baribas-suniem","28":"product_cat-cibau-s","29":"product_cat-fun-dog-s","30":"product_cat-team-breeder","31":"product_cat-zoopreces","32":"product_cat-blodas","33":"product_cat-sadzivei-un-labsajutai-lv","34":"product_cat-citas-preces-majai","35":"product_cat-pec-razotaja","36":"product_cat-farmina-lv","38":"first","39":"instock","40":"taxable","41":"shipping-taxable","42":"purchasable","43":"product-type-simple"},"acf":[],"_links":{"self":[{"href":"https:\/\/vetline.lv\/en\/wp-json\/wp\/v2\/product\/15107","targetHints":{"allow":["GET"]}}],"collection":[{"href":"https:\/\/vetline.lv\/en\/wp-json\/wp\/v2\/product"}],"about":[{"href":"https:\/\/vetline.lv\/en\/wp-json\/wp\/v2\/types\/product"}],"version-history":[{"count":5,"href":"https:\/\/vetline.lv\/en\/wp-json\/wp\/v2\/product\/15107\/revisions"}],"predecessor-version":[{"id":32415,"href":"https:\/\/vetline.lv\/en\/wp-json\/wp\/v2\/product\/15107\/revisions\/32415"}],"wp:featuredmedia":[{"embeddable":true,"href":"https:\/\/vetline.lv\/en\/wp-json\/wp\/v2\/media\/18666"}],"wp:attachment":[{"href":"https:\/\/vetline.lv\/en\/wp-json\/wp\/v2\/media?parent=15107"}],"wp:term":[{"taxonomy":"product_brand","embeddable":true,"href":"https:\/\/vetline.lv\/en\/wp-json\/wp\/v2\/product_brand?post=15107"},{"taxonomy":"product_cat","embeddable":true,"href":"https:\/\/vetline.lv\/en\/wp-json\/wp\/v2\/product_cat?post=15107"},{"taxonomy":"product_tag","embeddable":true,"href":"https:\/\/vetline.lv\/en\/wp-json\/wp\/v2\/product_tag?post=15107"}],"curies":[{"name":"wp","href":"https:\/\/api.w.org\/{rel}","templated":true}]}}